{"id":54690,"date":"2021-07-13T10:27:41","date_gmt":"2021-07-13T10:27:41","guid":{"rendered":"https:\/\/glportugal.com\/pt\/?page_id=54690"},"modified":"2021-08-31T16:39:58","modified_gmt":"2021-08-31T16:39:58","slug":"gl-real-state-investment","status":"publish","type":"page","link":"https:\/\/glportugal.com\/pt\/gl-real-state-investment\/","title":{"rendered":"GL Real State &#038; Investment"},"content":{"rendered":"<p>[et_pb_section fb_built=&#8221;1&#8243; fullwidth=&#8221;on&#8221; _builder_version=&#8221;4.9.4&#8243; background_enable_image=&#8221;off&#8221; custom_margin=&#8221;-95px||0px||false|false&#8221; custom_margin_tablet=&#8221;0px||||false|false&#8221; custom_margin_phone=&#8221;&#8221; custom_margin_last_edited=&#8221;on|desktop&#8221; custom_padding=&#8221;0px||0px||true&#8221; locked=&#8221;off&#8221; global_colors_info=&#8221;{}&#8221;][et_pb_fullwidth_header title=&#8221; GL Real State &#038; Investment&#8221; subhead=&#8221; Especialistas em consultoria imobili\u00e1ria e investimento&#8221; text_orientation=&#8221;center&#8221; button_one_text=&#8221;Saber Mais&#8221; button_one_url=&#8221;#empresa&#8221; background_overlay_color=&#8221;rgba(0,0,0,0.2)&#8221; content_max_width=&#8221;900px&#8221; module_class=&#8221;banner_fullscreen btcolor03&#8243; _builder_version=&#8221;4.10.4&#8243; title_font=&#8221;|300||on|||||&#8221; title_font_size=&#8221;20px&#8221; title_line_height=&#8221;1.2em&#8221; content_font_size=&#8221;22px&#8221; content_line_height=&#8221;1.5em&#8221; subhead_font=&#8221;Bodoni Moda||||||||&#8221; subhead_font_size=&#8221;50px&#8221; subhead_line_height=&#8221;1.2em&#8221; background_color=&#8221;rgba(255,255,255,0)&#8221; background_image=&#8221;https:\/\/glportugal.com\/pt\/wp-content\/uploads\/2021\/08\/GLPORTUGAL_QuemSomos_banner_01.jpg&#8221; custom_margin=&#8221;0px||0px||true&#8221; custom_padding=&#8221;35vh||35vh||true|false&#8221; custom_padding_tablet=&#8221;150px||150px||true|false&#8221; custom_padding_phone=&#8221;80px||80px||true|false&#8221; custom_padding_last_edited=&#8221;on|desktop&#8221; animation_style=&#8221;fade&#8221; animation_direction=&#8221;bottom&#8221; hover_enabled=&#8221;0&#8243; title_font_size_tablet=&#8221;18px&#8221; title_font_size_phone=&#8221;16px&#8221; title_font_size_last_edited=&#8221;on|desktop&#8221; content_font_size_tablet=&#8221;20px&#8221; content_font_size_phone=&#8221;18px&#8221; content_font_size_last_edited=&#8221;on|desktop&#8221; content_line_height_last_edited=&#8221;off|desktop&#8221; subhead_font_size_tablet=&#8221;34px&#8221; subhead_font_size_phone=&#8221;25px&#8221; subhead_font_size_last_edited=&#8221;on|desktop&#8221; custom_css_subtitle=&#8221;padding-bottom: 15px;&#8221; custom_css_button_1=&#8221;margin-top: 30px;&#8221; global_colors_info=&#8221;{}&#8221; title_text=&#8221;GLPORTUGAL_QuemSomos_banner_01&#8243; sticky_enabled=&#8221;0&#8243;]<\/p>\n<p><!--<\/p>\n\n\n\n\n<p style=\"padding-bottom: 10px; max-width: 600px; margin: auto;\">Quality first consulting service best consulting pariatur cliche service by expert team cliche reprehenderit.<\/p>\n\n\n\n\n<p>--><\/p>\n<p>[\/et_pb_fullwidth_header][\/et_pb_section][et_pb_section fb_built=&#8221;1&#8243; custom_padding_last_edited=&#8221;on|desktop&#8221; module_id=&#8221;empresa&#8221; _builder_version=&#8221;4.9.4&#8243; _module_preset=&#8221;default&#8221; custom_margin=&#8221;0px||0px||true|false&#8221; custom_padding=&#8221;100px||130px||false|false&#8221; custom_padding_tablet=&#8221;90px||90px||true|false&#8221; custom_padding_phone=&#8221;80px||80px||true|false&#8221; global_colors_info=&#8221;{}&#8221;][et_pb_row _builder_version=&#8221;4.9.4&#8243; _module_preset=&#8221;default&#8221; custom_margin=&#8221;0px||0px||true|false&#8221; custom_padding=&#8221;0px||100px||false|false&#8221; global_colors_info=&#8221;{}&#8221;][et_pb_column type=&#8221;4_4&#8243; _builder_version=&#8221;4.9.4&#8243; _module_preset=&#8221;default&#8221; global_colors_info=&#8221;{}&#8221;][et_pb_text _builder_version=&#8221;4.9.4&#8243; _module_preset=&#8221;default&#8221; text_orientation=&#8221;justified&#8221; max_width=&#8221;700px&#8221; module_alignment=&#8221;center&#8221; custom_margin=&#8221;0px||0px||true|false&#8221; custom_padding=&#8221;0px||0px||true|false&#8221; global_colors_info=&#8221;{}&#8221;]<\/p>\n<p>A GL Real State &amp; Investment \u00e9 uma empresa din\u00e2mica, com uma equipa de profissionais especializados e experientes com total disponibilidade para prestar aos nossos clientes o melhor servic\u0327o de consultoria imobili\u00e1ria.<\/p>\n<p>Confian\u00e7a e compromisso total com os nossos clientes e parceiros, pautamo-nos pelo rigor e transpar\u00eancia nos neg\u00f3cios.<\/p>\n<p>A nossa miss\u00e3o \u00e9 mudar a vida dos nossos clientes queremos proporcionar uma experi\u00eancia \u00fanica, na compra da sua casa de sonho em Portugal.<\/p>\n<p>Oferecemos um servi\u00e7o \u00fanico e \u00e0 medida de cada cliente.<\/p>\n<p>[\/et_pb_text][\/et_pb_column][\/et_pb_row][et_pb_row column_structure=&#8221;1_2,1_2&#8243; use_custom_gutter=&#8221;on&#8221; gutter_width=&#8221;2&#8243; _builder_version=&#8221;4.9.4&#8243; _module_preset=&#8221;default&#8221; width=&#8221;90%&#8221; width_tablet=&#8221;80%&#8221; width_phone=&#8221;&#8221; width_last_edited=&#8221;on|desktop&#8221; max_width=&#8221;1200px&#8221; custom_margin=&#8221;0px||0px||true|false&#8221; custom_padding=&#8221;0px||0px||true|false&#8221; global_colors_info=&#8221;{}&#8221;][et_pb_column type=&#8221;1_2&#8243; _builder_version=&#8221;4.9.4&#8243; _module_preset=&#8221;default&#8221; global_colors_info=&#8221;{}&#8221;][et_pb_image src=&#8221;https:\/\/glportugal.com\/pt\/wp-content\/uploads\/2021\/07\/GLP_QuemSomos_01.jpg&#8221; title_text=&#8221;GLP_QuemSomos_01&#8243; align=&#8221;center&#8221; _builder_version=&#8221;4.9.4&#8243; _module_preset=&#8221;default&#8221; custom_margin=&#8221;0px||0px||true|false&#8221; custom_padding=&#8221;0px||0px||true|false&#8221; global_colors_info=&#8221;{}&#8221;][\/et_pb_image][et_pb_text _builder_version=&#8221;4.9.10&#8243; _module_preset=&#8221;default&#8221; header_3_font=&#8221;Bodoni Moda||||||||&#8221; header_3_font_size=&#8221;21px&#8221; max_width=&#8221;500px&#8221; module_alignment=&#8221;center&#8221; custom_margin=&#8221;0px||0px||true|false&#8221; custom_padding=&#8221;30px||20px||false|false&#8221; header_3_font_size_tablet=&#8221;20px&#8221; header_3_font_size_phone=&#8221;19px&#8221; header_3_font_size_last_edited=&#8221;on|desktop&#8221; global_colors_info=&#8221;{}&#8221;]<\/p>\n<h3 style=\"padding-bottom: 0px;\">Encontramos a sua casa de sonho em Portugal!<\/h3>\n<p>Diga-nos o que procura.<\/p>\n<p>[\/et_pb_text][et_pb_button button_url=&#8221;https:\/\/glportugal.com\/pt\/imobiliaria\/&#8221; button_text=&#8221;Saber mais&#8221; button_alignment=&#8221;left&#8221; _builder_version=&#8221;4.10.4&#8243; _module_preset=&#8221;default&#8221; transform_scale_tablet=&#8221;&#8221; transform_scale_phone=&#8221;&#8221; transform_scale_last_edited=&#8221;on|desktop&#8221; transform_translate=&#8221;40px|0px&#8221; transform_translate_tablet=&#8221;0px|0px&#8221; transform_translate_phone=&#8221;&#8221; transform_translate_last_edited=&#8221;on|desktop&#8221; transform_translate_linked=&#8221;off&#8221; transform_rotate_tablet=&#8221;&#8221; transform_rotate_phone=&#8221;&#8221; transform_rotate_last_edited=&#8221;on|desktop&#8221; transform_skew_tablet=&#8221;&#8221; transform_skew_phone=&#8221;&#8221; transform_skew_last_edited=&#8221;on|desktop&#8221; transform_origin_tablet=&#8221;&#8221; transform_origin_phone=&#8221;&#8221; transform_origin_last_edited=&#8221;on|desktop&#8221; transform_styles_last_edited=&#8221;on|desktop&#8221; custom_margin=&#8221;0px||0px||true|false&#8221; transform_styles_tablet=&#8221;&#8221; transform_styles_phone=&#8221;&#8221; custom_css_main_element=&#8221;font-size: 10px!important;&#8221; global_colors_info=&#8221;{}&#8221; custom_css_main_element_last_edited=&#8221;off|desktop&#8221;][\/et_pb_button][\/et_pb_column][et_pb_column type=&#8221;1_2&#8243; _builder_version=&#8221;4.9.4&#8243; _module_preset=&#8221;default&#8221; custom_padding=&#8221;300px||0px||false|false&#8221; custom_padding_tablet=&#8221;60px||||false|false&#8221; custom_padding_phone=&#8221;&#8221; custom_padding_last_edited=&#8221;on|desktop&#8221; global_colors_info=&#8221;{}&#8221;][et_pb_image src=&#8221;https:\/\/glportugal.com\/pt\/wp-content\/uploads\/2021\/07\/GLP_QuemSomos_02.jpg&#8221; title_text=&#8221;GLP_QuemSomos_02&#8243; align=&#8221;center&#8221; _builder_version=&#8221;4.9.4&#8243; _module_preset=&#8221;default&#8221; custom_margin=&#8221;0px||0px||true|false&#8221; custom_padding=&#8221;0px||0px||true|false&#8221; global_colors_info=&#8221;{}&#8221;][\/et_pb_image][et_pb_text _builder_version=&#8221;4.9.10&#8243; _module_preset=&#8221;default&#8221; header_3_font=&#8221;Bodoni Moda||||||||&#8221; header_3_font_size=&#8221;21px&#8221; max_width=&#8221;500px&#8221; module_alignment=&#8221;center&#8221; custom_margin=&#8221;0px||0px||true|false&#8221; custom_padding=&#8221;30px||20px||false|false&#8221; header_3_font_size_tablet=&#8221;20px&#8221; header_3_font_size_phone=&#8221;19px&#8221; header_3_font_size_last_edited=&#8221;on|desktop&#8221; global_colors_info=&#8221;{}&#8221;]<\/p>\n<h3 style=\"padding-bottom: 0px;\">Pretende investir em Portugal?<\/h3>\n<p>Temos excelentes oportunidades de neg\u00f3cio \u00e1 sua espera.<\/p>\n<p>[\/et_pb_text][et_pb_button button_url=&#8221;https:\/\/glportugal.com\/pt\/investimento\/&#8221; button_text=&#8221;Saber mais&#8221; button_alignment=&#8221;left&#8221; _builder_version=&#8221;4.10.4&#8243; _module_preset=&#8221;default&#8221; transform_scale_tablet=&#8221;&#8221; transform_scale_phone=&#8221;&#8221; transform_scale_last_edited=&#8221;on|desktop&#8221; transform_translate=&#8221;40px|0px&#8221; transform_translate_tablet=&#8221;0px|0px&#8221; transform_translate_phone=&#8221;&#8221; transform_translate_last_edited=&#8221;on|desktop&#8221; transform_translate_linked=&#8221;off&#8221; transform_rotate_tablet=&#8221;&#8221; transform_rotate_phone=&#8221;&#8221; transform_rotate_last_edited=&#8221;on|desktop&#8221; transform_skew_tablet=&#8221;&#8221; transform_skew_phone=&#8221;&#8221; transform_skew_last_edited=&#8221;on|desktop&#8221; transform_origin_tablet=&#8221;&#8221; transform_origin_phone=&#8221;&#8221; transform_origin_last_edited=&#8221;on|desktop&#8221; transform_styles_last_edited=&#8221;on|desktop&#8221; custom_margin=&#8221;0px||0px||true|false&#8221; transform_styles_tablet=&#8221;&#8221; transform_styles_phone=&#8221;&#8221; custom_css_main_element=&#8221;font-size: 10px!important;&#8221; global_colors_info=&#8221;{}&#8221; custom_css_main_element_last_edited=&#8221;off|desktop&#8221;][\/et_pb_button][\/et_pb_column][\/et_pb_row][et_pb_row _builder_version=&#8221;4.9.4&#8243; custom_margin=&#8221;0px||0px||true|false&#8221; custom_padding=&#8221;120px||20px||false|false&#8221; locked=&#8221;off&#8221; global_colors_info=&#8221;{}&#8221;][et_pb_column type=&#8221;4_4&#8243; _builder_version=&#8221;3.29.1&#8243; global_colors_info=&#8221;{}&#8221;][et_pb_text _builder_version=&#8221;4.9.10&#8243; text_font=&#8221;||||||||&#8221; header_font=&#8221;|||on|||||&#8221; header_text_align=&#8221;center&#8221; header_2_font=&#8221;Bodoni Moda||||||||&#8221; header_2_text_align=&#8221;center&#8221; header_2_font_size=&#8221;30px&#8221; text_orientation=&#8221;justified&#8221; module_alignment=&#8221;center&#8221; custom_margin=&#8221;0px||0px||true&#8221; custom_padding=&#8221;0px||0px||true&#8221; header_font_size_tablet=&#8221;&#8221; header_font_size_phone=&#8221;&#8221; header_font_size_last_edited=&#8221;on|phone&#8221; header_2_font_size_tablet=&#8221;26px&#8221; header_2_font_size_phone=&#8221;24px&#8221; header_2_font_size_last_edited=&#8221;on|desktop&#8221; locked=&#8221;off&#8221; global_colors_info=&#8221;{}&#8221;]<\/p>\n<h2 style=\"padding-bottom: 0px;\">Os Nossos Valores<\/h2>\n<p>[\/et_pb_text][et_pb_divider divider_position=&#8221;center&#8221; divider_weight=&#8221;1px&#8221; _builder_version=&#8221;4.4.9&#8243; max_width=&#8221;60px&#8221; module_alignment=&#8221;center&#8221; height=&#8221;40px&#8221; custom_margin=&#8221;0px||15px||false|false&#8221; custom_padding=&#8221;0px||0px||true&#8221; locked=&#8221;off&#8221; global_colors_info=&#8221;{}&#8221;][\/et_pb_divider][\/et_pb_column][\/et_pb_row][et_pb_row column_structure=&#8221;1_3,1_3,1_3&#8243; _builder_version=&#8221;4.4.9&#8243; width=&#8221;90%&#8221; custom_margin=&#8221;0px||0px||true|false&#8221; custom_padding=&#8221;0px||0px||true|false&#8221; locked=&#8221;off&#8221; global_colors_info=&#8221;{}&#8221;][et_pb_column type=&#8221;1_3&#8243; _builder_version=&#8221;4.4.9&#8243; global_colors_info=&#8221;{}&#8221;][et_pb_blurb title=&#8221;Atitude positiva&#8221; image=&#8221;https:\/\/glportugal.com\/pt\/wp-content\/uploads\/2021\/07\/GLP_Icon_tst01.png&#8221; content_max_width=&#8221;100%&#8221; _builder_version=&#8221;4.9.10&#8243; header_font=&#8221;Bodoni Moda||||||||&#8221; header_font_size=&#8221;21px&#8221; text_orientation=&#8221;center&#8221; max_width=&#8221;240px&#8221; module_alignment=&#8221;center&#8221; custom_margin=&#8221;0px||0px||true|false&#8221; custom_padding=&#8221;0px||0px||false|false&#8221; custom_padding_tablet=&#8221;||25px||false|false&#8221; custom_padding_phone=&#8221;&#8221; custom_padding_last_edited=&#8221;on|tablet&#8221; animation=&#8221;off&#8221; header_font_size_tablet=&#8221;20px&#8221; header_font_size_phone=&#8221;19px&#8221; header_font_size_last_edited=&#8221;on|desktop&#8221; global_colors_info=&#8221;{}&#8221;]<\/p>\n<p>Acreditamos na atitude como a base do sucesso.<\/p>\n<p>[\/et_pb_blurb][\/et_pb_column][et_pb_column type=&#8221;1_3&#8243; _builder_version=&#8221;4.4.9&#8243; global_colors_info=&#8221;{}&#8221;][et_pb_blurb title=&#8221;Melhoria cont\u00ednua&#8221; image=&#8221;https:\/\/glportugal.com\/pt\/wp-content\/uploads\/2021\/07\/GLP_Icon_tst02.png&#8221; content_max_width=&#8221;100%&#8221; _builder_version=&#8221;4.9.10&#8243; header_font=&#8221;Bodoni Moda||||||||&#8221; header_font_size=&#8221;21px&#8221; text_orientation=&#8221;center&#8221; max_width=&#8221;320px&#8221; module_alignment=&#8221;center&#8221; custom_margin=&#8221;0px||0px||true|false&#8221; custom_padding=&#8221;0px||0px||true|false&#8221; custom_padding_tablet=&#8221;0px||25px||false|false&#8221; custom_padding_phone=&#8221;&#8221; custom_padding_last_edited=&#8221;on|desktop&#8221; animation=&#8221;off&#8221; header_font_size_tablet=&#8221;20px&#8221; header_font_size_phone=&#8221;19px&#8221; header_font_size_last_edited=&#8221;on|desktop&#8221; global_colors_info=&#8221;{}&#8221;]<\/p>\n<p>Fazer hoje melhor que ontem e amanh\u00e3 melhor do que hoje.<\/p>\n<p>[\/et_pb_blurb][\/et_pb_column][et_pb_column type=&#8221;1_3&#8243; _builder_version=&#8221;4.4.9&#8243; global_colors_info=&#8221;{}&#8221;][et_pb_blurb title=&#8221;Excel\u00eancia no servi\u00e7o&#8221; image=&#8221;https:\/\/glportugal.com\/pt\/wp-content\/uploads\/2021\/07\/GLP_Icon_tst03.png&#8221; content_max_width=&#8221;100%&#8221; _builder_version=&#8221;4.9.10&#8243; header_font=&#8221;Bodoni Moda||||||||&#8221; header_font_size=&#8221;21px&#8221; text_orientation=&#8221;center&#8221; max_width=&#8221;320px&#8221; module_alignment=&#8221;center&#8221; custom_margin=&#8221;0px||0px||true|false&#8221; custom_padding=&#8221;0px||0px||true|false&#8221; animation=&#8221;off&#8221; header_font_size_tablet=&#8221;20px&#8221; header_font_size_phone=&#8221;19px&#8221; header_font_size_last_edited=&#8221;on|desktop&#8221; global_colors_info=&#8221;{}&#8221;]<\/p>\n<p>Orienta\u00e7\u00e3o total para a satisfa\u00e7\u00e3o dos nossos Clientes e Parceiros.<\/p>\n<p>[\/et_pb_blurb][\/et_pb_column][\/et_pb_row][\/et_pb_section]<\/p>\n","protected":false},"excerpt":{"rendered":"<p>A GL Real State &amp; Investment \u00e9 uma empresa din\u00e2mica, com uma equipa de profissionais especializados e experientes com total disponibilidade para prestar aos nossos clientes o melhor servic\u0327o de consultoria imobili\u00e1ria. Confian\u00e7a e compromisso total com os nossos clientes e parceiros, pautamo-nos pelo rigor e transpar\u00eancia nos neg\u00f3cios. A nossa miss\u00e3o \u00e9 mudar a [&hellip;]<\/p>\n","protected":false},"author":3,"featured_media":0,"parent":0,"menu_order":0,"comment_status":"closed","ping_status":"closed","template":"","meta":{"_et_pb_use_builder":"on","_et_pb_old_content":"","_et_gb_content_width":""},"_links":{"self":[{"href":"https:\/\/glportugal.com\/pt\/wp-json\/wp\/v2\/pages\/54690"}],"collection":[{"href":"https:\/\/glportugal.com\/pt\/wp-json\/wp\/v2\/pages"}],"about":[{"href":"https:\/\/glportugal.com\/pt\/wp-json\/wp\/v2\/types\/page"}],"author":[{"embeddable":true,"href":"https:\/\/glportugal.com\/pt\/wp-json\/wp\/v2\/users\/3"}],"replies":[{"embeddable":true,"href":"https:\/\/glportugal.com\/pt\/wp-json\/wp\/v2\/comments?post=54690"}],"version-history":[{"count":34,"href":"https:\/\/glportugal.com\/pt\/wp-json\/wp\/v2\/pages\/54690\/revisions"}],"predecessor-version":[{"id":54900,"href":"https:\/\/glportugal.com\/pt\/wp-json\/wp\/v2\/pages\/54690\/revisions\/54900"}],"wp:attachment":[{"href":"https:\/\/glportugal.com\/pt\/wp-json\/wp\/v2\/media?parent=54690"}],"curies":[{"name":"wp","href":"https:\/\/api.w.org\/{rel}","templated":true}]}}